{"id":3600,"date":"2025-09-30T13:27:10","date_gmt":"2025-09-30T11:27:10","guid":{"rendered":"https:\/\/rierartjoies.ergatesweb11.ovh\/politica-de-envios-y-devoluciones\/"},"modified":"2025-09-30T13:27:17","modified_gmt":"2025-09-30T11:27:17","slug":"politica-de-envios-y-devoluciones","status":"publish","type":"page","link":"https:\/\/rierajoies.com\/es\/politica-de-envios-y-devoluciones\/","title":{"rendered":"Pol\u00edtica de env\u00edos y devoluciones"},"content":{"rendered":"\n<p><strong>Env\u00edos<br><\/strong>Los pedidos, excepto los encargos personalizados, se env\u00edan en un plazo de 24\/48 horas laborables despu\u00e9s de recibir el pago. Cuando tu paquete salga del taller recibir\u00e1s un correo con el localizador para que puedas seguir el env\u00edo.<\/p>\n\n\n\n<p><strong>Cancelaciones<br><\/strong>Si necesitas cancelar un pedido, env\u00edanos lo antes posible un mail a hola@rierajoies.com. Si la compra ya ha sido confirmada, no se podr\u00e1 hacer una devoluci\u00f3n directa, pero tienes diferentes opciones:<\/p>\n\n\n\n<ol class=\"wp-block-list\">\n<li>Cambiar la pieza por otra (si el precio es superior, habr\u00e1 que abonar la diferencia).<br><\/li>\n\n\n\n<li>Obtener una tarjeta regalo sin caducidad, que puedes utilizar t\u00fa misma o regalar.<\/li>\n<\/ol>\n\n\n\n<p>En caso de que la pieza ya haya sido enviada en el momento de la cancelaci\u00f3n, habr\u00e1 que gestionar la devoluci\u00f3n y asumir los gastos de reexpedici\u00f3n al taller.<\/p>\n\n\n\n<p><strong>Cambios y devoluciones<br><\/strong>Si la pieza no es lo que esperabas, dispones de 15 d\u00edas para solicitar la devoluci\u00f3n escribi\u00e9ndonos por correo electr\u00f3nico. Si la talla no es la correcta, puedes elegir entre:<\/p>\n\n\n\n<ol class=\"wp-block-list\">\n<li>Cambiar la pieza por otra (si el coste es superior, habr\u00e1 que abonar la diferencia).<br><\/li>\n\n\n\n<li>Obtener una tarjeta regalo sin caducidad.<br><\/li>\n\n\n\n<li>En todos los casos, los gastos de env\u00edo del nuevo env\u00edo ir\u00e1n a cargo de la persona compradora.<\/li>\n<\/ol>\n\n\n\n<p><\/p>\n","protected":false},"excerpt":{"rendered":"<p>Env\u00edosLos pedidos, excepto los encargos personalizados, se env\u00edan en un plazo de 24\/48 horas laborables despu\u00e9s de recibir el pago. Cuando tu paquete salga del taller recibir\u00e1s un correo con el localizador para que puedas seguir el env\u00edo. CancelacionesSi necesitas cancelar un pedido, env\u00edanos lo antes posible un mail a hola@rierajoies.com. Si la compra ya [&hellip;]<\/p>\n","protected":false},"author":11,"featured_media":0,"parent":0,"menu_order":0,"comment_status":"closed","ping_status":"closed","template":"","meta":{"_acf_changed":false,"footnotes":""},"class_list":["post-3600","page","type-page","status-publish","hentry"],"acf":[],"yoast_head":"<!-- This site is optimized with the Yoast SEO plugin v27.2 - https:\/\/yoast.com\/product\/yoast-seo-wordpress\/ -->\n<title>Env\u00edos y devoluciones<\/title>\n<meta name=\"description\" content=\"Consulta las condiciones de env\u00edo y devoluciones en Riera Joies\" \/>\n<meta name=\"robots\" content=\"index, follow, max-snippet:-1, max-image-preview:large, max-video-preview:-1\" \/>\n<link rel=\"canonical\" href=\"https:\/\/rierajoies.com\/politica-denviaments-i-devolucions\/\" \/>\n<meta property=\"og:locale\" content=\"es_ES\" \/>\n<meta property=\"og:type\" content=\"article\" \/>\n<meta property=\"og:title\" content=\"Env\u00edos y devoluciones\" \/>\n<meta property=\"og:description\" content=\"Consulta las condiciones de env\u00edo y devoluciones en Riera Joies\" \/>\n<meta property=\"og:url\" content=\"https:\/\/rierajoies.com\/politica-denviaments-i-devolucions\/\" \/>\n<meta property=\"og:site_name\" content=\"Riera Joies\" \/>\n<meta property=\"article:modified_time\" content=\"2025-09-30T11:27:17+00:00\" \/>\n<meta property=\"og:image\" content=\"https:\/\/rierajoies.com\/wp-content\/uploads\/2025\/08\/RIERAJOIES_WEB_TRESORSDELAMAR_ICONA.jpg\" \/>\n\t<meta property=\"og:image:width\" content=\"512\" \/>\n\t<meta property=\"og:image:height\" content=\"512\" \/>\n\t<meta property=\"og:image:type\" content=\"image\/jpeg\" \/>\n<meta name=\"twitter:card\" content=\"summary_large_image\" \/>\n<meta name=\"twitter:label1\" content=\"Tiempo de lectura\" \/>\n\t<meta name=\"twitter:data1\" content=\"1 minuto\" \/>\n<script type=\"application\/ld+json\" class=\"yoast-schema-graph\">{\"@context\":\"https:\/\/schema.org\",\"@graph\":[{\"@type\":\"WebPage\",\"@id\":\"https:\/\/rierajoies.com\/politica-denviaments-i-devolucions\/\",\"url\":\"https:\/\/rierajoies.com\/politica-denviaments-i-devolucions\/\",\"name\":\"Env\u00edos y devoluciones\",\"isPartOf\":{\"@id\":\"https:\/\/rierajoies.com\/es\/#website\"},\"datePublished\":\"2025-09-30T11:27:10+00:00\",\"dateModified\":\"2025-09-30T11:27:17+00:00\",\"description\":\"Consulta las condiciones de env\u00edo y devoluciones en Riera Joies\",\"breadcrumb\":{\"@id\":\"https:\/\/rierajoies.com\/politica-denviaments-i-devolucions\/#breadcrumb\"},\"inLanguage\":\"es\",\"potentialAction\":[{\"@type\":\"ReadAction\",\"target\":[\"https:\/\/rierajoies.com\/politica-denviaments-i-devolucions\/\"]}]},{\"@type\":\"BreadcrumbList\",\"@id\":\"https:\/\/rierajoies.com\/politica-denviaments-i-devolucions\/#breadcrumb\",\"itemListElement\":[{\"@type\":\"ListItem\",\"position\":1,\"name\":\"Inici\",\"item\":\"https:\/\/rierajoies.com\/es\/\"},{\"@type\":\"ListItem\",\"position\":2,\"name\":\"Pol\u00edtica de env\u00edos y devoluciones\"}]},{\"@type\":\"WebSite\",\"@id\":\"https:\/\/rierajoies.com\/es\/#website\",\"url\":\"https:\/\/rierajoies.com\/es\/\",\"name\":\"Riera Joies\",\"description\":\"Tresors de la mar\",\"publisher\":{\"@id\":\"https:\/\/rierajoies.com\/es\/#organization\"},\"potentialAction\":[{\"@type\":\"SearchAction\",\"target\":{\"@type\":\"EntryPoint\",\"urlTemplate\":\"https:\/\/rierajoies.com\/es\/?s={search_term_string}\"},\"query-input\":{\"@type\":\"PropertyValueSpecification\",\"valueRequired\":true,\"valueName\":\"search_term_string\"}}],\"inLanguage\":\"es\"},{\"@type\":\"Organization\",\"@id\":\"https:\/\/rierajoies.com\/es\/#organization\",\"name\":\"Riera Joies\",\"url\":\"https:\/\/rierajoies.com\/es\/\",\"logo\":{\"@type\":\"ImageObject\",\"inLanguage\":\"es\",\"@id\":\"https:\/\/rierajoies.com\/es\/#\/schema\/logo\/image\/\",\"url\":\"https:\/\/rierajoies.com\/wp-content\/uploads\/2025\/07\/RIERAJOIES_WEB_LOGOTIP.png\",\"contentUrl\":\"https:\/\/rierajoies.com\/wp-content\/uploads\/2025\/07\/RIERAJOIES_WEB_LOGOTIP.png\",\"width\":512,\"height\":200,\"caption\":\"Riera Joies\"},\"image\":{\"@id\":\"https:\/\/rierajoies.com\/es\/#\/schema\/logo\/image\/\"},\"sameAs\":[\"https:\/\/www.instagram.com\/rierajoies\/\"]}]}<\/script>\n<!-- \/ Yoast SEO plugin. -->","yoast_head_json":{"title":"Env\u00edos y devoluciones","description":"Consulta las condiciones de env\u00edo y devoluciones en Riera Joies","robots":{"index":"index","follow":"follow","max-snippet":"max-snippet:-1","max-image-preview":"max-image-preview:large","max-video-preview":"max-video-preview:-1"},"canonical":"https:\/\/rierajoies.com\/politica-denviaments-i-devolucions\/","og_locale":"es_ES","og_type":"article","og_title":"Env\u00edos y devoluciones","og_description":"Consulta las condiciones de env\u00edo y devoluciones en Riera Joies","og_url":"https:\/\/rierajoies.com\/politica-denviaments-i-devolucions\/","og_site_name":"Riera Joies","article_modified_time":"2025-09-30T11:27:17+00:00","og_image":[{"width":512,"height":512,"url":"https:\/\/rierajoies.com\/wp-content\/uploads\/2025\/08\/RIERAJOIES_WEB_TRESORSDELAMAR_ICONA.jpg","type":"image\/jpeg"}],"twitter_card":"summary_large_image","twitter_misc":{"Tiempo de lectura":"1 minuto"},"schema":{"@context":"https:\/\/schema.org","@graph":[{"@type":"WebPage","@id":"https:\/\/rierajoies.com\/politica-denviaments-i-devolucions\/","url":"https:\/\/rierajoies.com\/politica-denviaments-i-devolucions\/","name":"Env\u00edos y devoluciones","isPartOf":{"@id":"https:\/\/rierajoies.com\/es\/#website"},"datePublished":"2025-09-30T11:27:10+00:00","dateModified":"2025-09-30T11:27:17+00:00","description":"Consulta las condiciones de env\u00edo y devoluciones en Riera Joies","breadcrumb":{"@id":"https:\/\/rierajoies.com\/politica-denviaments-i-devolucions\/#breadcrumb"},"inLanguage":"es","potentialAction":[{"@type":"ReadAction","target":["https:\/\/rierajoies.com\/politica-denviaments-i-devolucions\/"]}]},{"@type":"BreadcrumbList","@id":"https:\/\/rierajoies.com\/politica-denviaments-i-devolucions\/#breadcrumb","itemListElement":[{"@type":"ListItem","position":1,"name":"Inici","item":"https:\/\/rierajoies.com\/es\/"},{"@type":"ListItem","position":2,"name":"Pol\u00edtica de env\u00edos y devoluciones"}]},{"@type":"WebSite","@id":"https:\/\/rierajoies.com\/es\/#website","url":"https:\/\/rierajoies.com\/es\/","name":"Riera Joies","description":"Tresors de la mar","publisher":{"@id":"https:\/\/rierajoies.com\/es\/#organization"},"potentialAction":[{"@type":"SearchAction","target":{"@type":"EntryPoint","urlTemplate":"https:\/\/rierajoies.com\/es\/?s={search_term_string}"},"query-input":{"@type":"PropertyValueSpecification","valueRequired":true,"valueName":"search_term_string"}}],"inLanguage":"es"},{"@type":"Organization","@id":"https:\/\/rierajoies.com\/es\/#organization","name":"Riera Joies","url":"https:\/\/rierajoies.com\/es\/","logo":{"@type":"ImageObject","inLanguage":"es","@id":"https:\/\/rierajoies.com\/es\/#\/schema\/logo\/image\/","url":"https:\/\/rierajoies.com\/wp-content\/uploads\/2025\/07\/RIERAJOIES_WEB_LOGOTIP.png","contentUrl":"https:\/\/rierajoies.com\/wp-content\/uploads\/2025\/07\/RIERAJOIES_WEB_LOGOTIP.png","width":512,"height":200,"caption":"Riera Joies"},"image":{"@id":"https:\/\/rierajoies.com\/es\/#\/schema\/logo\/image\/"},"sameAs":["https:\/\/www.instagram.com\/rierajoies\/"]}]}},"_links":{"self":[{"href":"https:\/\/rierajoies.com\/es\/wp-json\/wp\/v2\/pages\/3600","targetHints":{"allow":["GET"]}}],"collection":[{"href":"https:\/\/rierajoies.com\/es\/wp-json\/wp\/v2\/pages"}],"about":[{"href":"https:\/\/rierajoies.com\/es\/wp-json\/wp\/v2\/types\/page"}],"author":[{"embeddable":true,"href":"https:\/\/rierajoies.com\/es\/wp-json\/wp\/v2\/users\/11"}],"replies":[{"embeddable":true,"href":"https:\/\/rierajoies.com\/es\/wp-json\/wp\/v2\/comments?post=3600"}],"version-history":[{"count":1,"href":"https:\/\/rierajoies.com\/es\/wp-json\/wp\/v2\/pages\/3600\/revisions"}],"predecessor-version":[{"id":3679,"href":"https:\/\/rierajoies.com\/es\/wp-json\/wp\/v2\/pages\/3600\/revisions\/3679"}],"wp:attachment":[{"href":"https:\/\/rierajoies.com\/es\/wp-json\/wp\/v2\/media?parent=3600"}],"curies":[{"name":"wp","href":"https:\/\/api.w.org\/{rel}","templated":true}]}}