{"id":3672,"date":"2025-09-30T13:27:13","date_gmt":"2025-09-30T11:27:13","guid":{"rendered":"https:\/\/rierartjoies.ergatesweb11.ovh\/aviso-legal\/"},"modified":"2025-12-23T13:34:09","modified_gmt":"2025-12-23T12:34:09","slug":"aviso-legal","status":"publish","type":"page","link":"https:\/\/rierajoies.com\/es\/aviso-legal\/","title":{"rendered":"Aviso legal"},"content":{"rendered":"\t\t<div data-elementor-type=\"wp-page\" data-elementor-id=\"3672\" class=\"elementor elementor-3672 elementor-35\" wpc-filter-elementor-widget=\"1\" data-elementor-post-type=\"page\">\n\t\t\t\t<div class=\"elementor-element elementor-element-51e0df1d e-flex e-con-boxed e-con e-parent\" data-id=\"51e0df1d\" data-element_type=\"container\" data-e-type=\"container\">\n\t\t\t\t\t<div class=\"e-con-inner\">\n\t\t\t\t<div class=\"elementor-element elementor-element-5825e5cb elementor-widget elementor-widget-text-editor\" data-id=\"5825e5cb\" data-element_type=\"widget\" data-e-type=\"widget\" data-widget_type=\"text-editor.default\">\n\t\t\t\t\t\t\t\t\t<div class=\"main_color container_wrap_first container_wrap fullsize\">\n<div class=\"container av-section-cont-open\">\n<p><span style=\"font-weight: 400;\">En cumplimiento de lo dispuesto en la Ley 34\/2002 de 11 de julio de Servicios de la Sociedad de la Informaci\u00f3n y del Comercio Electr\u00f3nico (LSSI-CE) se informa que el presente sitio web, accesible a trav\u00e9s del dominio <\/span><a href=\"http:\/\/www.rierartjoies.com\"><span style=\"font-weight: 400;\">www.rierartjoies.com<\/span><\/a><\/p>\n<p><span style=\"font-weight: 400;\">1<\/span><b>.-<\/b><b>Objeto:<\/b><span style=\"font-weight: 400;\">\u00a0<\/span><\/p>\n<p><span style=\"font-weight: 400;\">El presente aviso legal regula las condiciones de acceso, navegaci\u00f3n y uso del sitio web, as\u00ed como las responsabilidades derivadas de la utilizaci\u00f3n de sus contenidos, productos y servicios, incluidos los de venta online de joyas de autor bajo la marca RIERARTJOIES.<\/span><\/p>\n<p><b>2.-<\/b><b>Usuarios:<\/b><\/p>\n<p><span style=\"font-weight: 400;\">El acceso y\/o uso del portal de Anna Mata Riera, atribuye la condici\u00f3n de usuario, que acepta, des del referido acceso y uso, las condiciones generales de uso que constan en este aviso legal. Las citadas condiciones ser\u00e1n de aplicaci\u00f3n independientemente de las condiciones generales de contrataci\u00f3n que en su caso resulten de obligado cumplimiento.<\/span><\/p>\n<p><span style=\"font-weight: 400;\">3.- <\/span><b>Propiedad de los contenidos<\/b><\/p>\n<p><span style=\"font-weight: 400;\">Todo el contenido de la presente p\u00e1gina web, incluyendo los textos, im\u00e1genes, dise\u00f1os, marcas,logotipos, combinaciones de colores, estructura de dise\u00f1o etc. son propiedad intelectual de Anna Mata Riera y se hallan protegidos por la legislaci\u00f3n vigente. Estos contenidos en ning\u00fan caso pueden ser reproducidos o copiados, a excepci\u00f3n de las im\u00e1genes que sean p\u00fablicas. Queda expresamente prohibida la reproducci\u00f3n, distribuci\u00f3n y la comunicaci\u00f3n p\u00fablica, incluida su modalidad de puesta a disposici\u00f3n, de la totalidad o parte de contenidos de esta web, con fines comerciales, en cualquier soporte y para cualquier medio t\u00e9cnico, sin la autorizaci\u00f3n de Anna Mata Riera. El usuario tendr\u00e1 que abstenerse de suprimir, alterar, eludir o manipular cualquier dispositivo de protecci\u00f3n o sistema de seguridad instalado en la web.<\/span><\/p>\n<p><span style=\"font-weight: 400;\">Anna Mata Riera se reserva el derecho a actualizar, modificar o eliminar los contenidos de la p\u00e1gina web o limitar su acceso de forma temporal o definitiva, sin previo aviso.<\/span><\/p>\n<p><span style=\"font-weight: 400;\">Anna Mata Riera no se hace responsable de las consecuencias o da\u00f1os que se puedan producir por el acceso o uso de la su p\u00e1gina web y, de forma especial, por las p\u00e1ginas web de terceras personas a las que se pueda acceder a trav\u00e9s de esta p\u00e1gina web.<\/span><\/p>\n<ol start=\"4\">\n<li><b>Ren\u00fancia y limitaci\u00f3n de responsabilidad:\u00a0<\/b><\/li>\n<\/ol>\n<p><span style=\"font-weight: 400;\">La informaci\u00f3n y servicios incluidos o disponibles mediante la p\u00e1gina web pueden incluir incorrecciones o errores. De forma peri\u00f3dica se incorporan cambios en la informaci\u00f3n contenida. ANNA MATA RIERA puede incluir en cualquier momento mejoras y\/o cambios en los servicios o contenidos.<\/span><\/p>\n<p><span style=\"font-weight: 400;\">ANNA MATA RIERA declina cualquier responsabilidad en caso de interrupciones o mal funcionamiento de los servicios contenidos o ofrecidos en la web en internet, cualquiera que sea su causa. As\u00edmismo ANNA MATA RIERA no se hace responsable de las ca\u00eddas de la red, p\u00e9rdidas de informaci\u00f3n o cualquier otra clase de da\u00f1o indirecto que pueda ser causado a los usuarios por causas ajenas a la misma. ANNA MATA RIERA no declara ni garantiza que los servicios o contenidos sean ininterrumpidos o que est\u00e9n llibres de errores, que los defectos sean corregidos o que el servicio o el servidor que lo pone a disposici\u00f3n est\u00e9 libre de virus o otros componentes nocivos.<\/span><\/p>\n<p><span style=\"font-weight: 400;\">5.<\/span><b>Responsabilidad de los usuarios del uso y contenido:<\/b><\/p>\n<p><span style=\"font-weight: 400;\">Tanto el acceso a la website com el uso que se pueda realizar de la informaci\u00f3n y contenidos incluidos en los mismos ser\u00e1 de exclusiva responsabilidad de quien lo realize. Por tanto, el uso que pueda hacerse de la informaci\u00f3n, im\u00e1genes, contenidos y\/o productos rese\u00f1ados y accessibles a trav\u00e9s del mismo estar\u00e1 supeditada a la legalidad nacional o internacional aplicable as\u00ed como a los principios de buena fe y uso l\u00edcito por parte de los usuarios, que ser\u00e1n responsables de este acceso y correcto uso. Los usuarios estar\u00e1n obligados a hacer un uso razonable de los servicios o contenidos, bajo el principio de buena fe y con respecto a la legalidad vigente, a la moral, al orden p\u00fablico, a las buenas costumbres, a los derechos de terceros o de la propia empresa, todo eso seg\u00fan las posibilidades y fines para los que se hallan concebidos.\u00a0<\/span><\/p>\n<p><span style=\"font-weight: 400;\">ANNA MATA RIERA no asume responsabilidades, ya sean directas o indirectas, por da\u00f1o emergente o lucro cesante, derivadas del mal uso de los servicios o contenidos realizado por usuarios o terceros\u201d.<\/span><\/p>\n<p><span style=\"font-weight: 400;\">6.<\/span><b>Enlaces:<\/b><\/p>\n<p><span style=\"font-weight: 400;\">En el caso que en la web es disponga de enlaces o hiperv\u00ednculos hacia otros sitios de internet, ANNA MATA RIERA no ejercer\u00e1 ning\u00fan tipo de control sobre estos sitios y contenidos. En ning\u00fan caso ANNA MATA RIERA asumir\u00e0 responsabilidad por los contenidos de algun enlace que pertenezca a un sitio web ajeno, ni garantizar\u00e1 la disponibilidad t\u00e9cnica, calidad, fiabilidad, exactitud, veracidad y validez de cualquier material o informaci\u00f3n contenida en ninguno de estos v\u00ednculos o enlaces de otros sitios de internet. Igualmente la inclusi\u00f3n de estas conexiones externas no implicar\u00e1 ning\u00fan tipo de fusi\u00f3n o participaci\u00f3n de ANNA MATA RIERA con las entidades conectadas.<\/span><\/p>\n<p><span style=\"font-weight: 400;\">7 <\/span><b>Ley Aplicable<\/b><\/p>\n<p><span style=\"font-weight: 400;\">El presente Aviso Legal y en toda cuesti\u00f3n relacionada con esta website ser\u00e1 aplicada la legislaci\u00f3n espa\u00f1ola.\u201d<\/span><\/p>\n<\/div>\n<p><\/div>\n\t\t\t\t\t\t\t\t<\/div>\n\t\t\t\t\t<\/div>\n\t\t\t\t<\/div>\n\t\t\t\t<\/div>\n\t\t","protected":false},"excerpt":{"rendered":"<p>En cumplimiento de lo dispuesto en la Ley 34\/2002 de 11 de julio de Servicios de la Sociedad de la Informaci\u00f3n y del Comercio Electr\u00f3nico (LSSI-CE) se informa que el presente sitio web, accesible a trav\u00e9s del dominio www.rierartjoies.com 1.-Objeto:\u00a0 El presente aviso legal regula las condiciones de acceso, navegaci\u00f3n y uso del sitio web, [&hellip;]<\/p>\n","protected":false},"author":11,"featured_media":0,"parent":0,"menu_order":0,"comment_status":"closed","ping_status":"closed","template":"","meta":{"_acf_changed":false,"footnotes":""},"class_list":["post-3672","page","type-page","status-publish","hentry"],"acf":[],"yoast_head":"<!-- This site is optimized with the Yoast SEO plugin v27.2 - https:\/\/yoast.com\/product\/yoast-seo-wordpress\/ -->\n<title>Aviso legal<\/title>\n<meta name=\"description\" content=\"Consulta la informaci\u00f3n legal y condiciones de uso del sitio web Riera Joies\" \/>\n<meta name=\"robots\" content=\"noindex, nofollow\" \/>\n<meta property=\"og:locale\" content=\"es_ES\" \/>\n<meta property=\"og:type\" content=\"article\" \/>\n<meta property=\"og:title\" content=\"Aviso legal\" \/>\n<meta property=\"og:description\" content=\"Consulta la informaci\u00f3n legal y condiciones de uso del sitio web Riera Joies\" \/>\n<meta property=\"og:url\" content=\"https:\/\/rierajoies.com\/avis-legal\/\" \/>\n<meta property=\"og:site_name\" content=\"Riera Joies\" \/>\n<meta property=\"article:modified_time\" content=\"2025-12-23T12:34:09+00:00\" \/>\n<meta property=\"og:image\" content=\"https:\/\/rierajoies.com\/wp-content\/uploads\/2025\/08\/RIERAJOIES_WEB_TRESORSDELAMAR_ICONA.jpg\" \/>\n\t<meta property=\"og:image:width\" content=\"512\" \/>\n\t<meta property=\"og:image:height\" content=\"512\" \/>\n\t<meta property=\"og:image:type\" content=\"image\/jpeg\" \/>\n<meta name=\"twitter:card\" content=\"summary_large_image\" \/>\n<meta name=\"twitter:label1\" content=\"Tiempo de lectura\" \/>\n\t<meta name=\"twitter:data1\" content=\"4 minutos\" \/>\n<script type=\"application\/ld+json\" class=\"yoast-schema-graph\">{\"@context\":\"https:\/\/schema.org\",\"@graph\":[{\"@type\":\"WebPage\",\"@id\":\"https:\/\/rierajoies.com\/avis-legal\/\",\"url\":\"https:\/\/rierajoies.com\/avis-legal\/\",\"name\":\"Aviso legal\",\"isPartOf\":{\"@id\":\"https:\/\/rierajoies.com\/es\/#website\"},\"datePublished\":\"2025-09-30T11:27:13+00:00\",\"dateModified\":\"2025-12-23T12:34:09+00:00\",\"description\":\"Consulta la informaci\u00f3n legal y condiciones de uso del sitio web Riera Joies\",\"breadcrumb\":{\"@id\":\"https:\/\/rierajoies.com\/avis-legal\/#breadcrumb\"},\"inLanguage\":\"es\",\"potentialAction\":[{\"@type\":\"ReadAction\",\"target\":[\"https:\/\/rierajoies.com\/avis-legal\/\"]}]},{\"@type\":\"BreadcrumbList\",\"@id\":\"https:\/\/rierajoies.com\/avis-legal\/#breadcrumb\",\"itemListElement\":[{\"@type\":\"ListItem\",\"position\":1,\"name\":\"Inici\",\"item\":\"https:\/\/rierajoies.com\/es\/\"},{\"@type\":\"ListItem\",\"position\":2,\"name\":\"Aviso legal\"}]},{\"@type\":\"WebSite\",\"@id\":\"https:\/\/rierajoies.com\/es\/#website\",\"url\":\"https:\/\/rierajoies.com\/es\/\",\"name\":\"Riera Joies\",\"description\":\"Tresors de la mar\",\"publisher\":{\"@id\":\"https:\/\/rierajoies.com\/es\/#organization\"},\"potentialAction\":[{\"@type\":\"SearchAction\",\"target\":{\"@type\":\"EntryPoint\",\"urlTemplate\":\"https:\/\/rierajoies.com\/es\/?s={search_term_string}\"},\"query-input\":{\"@type\":\"PropertyValueSpecification\",\"valueRequired\":true,\"valueName\":\"search_term_string\"}}],\"inLanguage\":\"es\"},{\"@type\":\"Organization\",\"@id\":\"https:\/\/rierajoies.com\/es\/#organization\",\"name\":\"Riera Joies\",\"url\":\"https:\/\/rierajoies.com\/es\/\",\"logo\":{\"@type\":\"ImageObject\",\"inLanguage\":\"es\",\"@id\":\"https:\/\/rierajoies.com\/es\/#\/schema\/logo\/image\/\",\"url\":\"https:\/\/rierajoies.com\/wp-content\/uploads\/2025\/07\/RIERAJOIES_WEB_LOGOTIP.png\",\"contentUrl\":\"https:\/\/rierajoies.com\/wp-content\/uploads\/2025\/07\/RIERAJOIES_WEB_LOGOTIP.png\",\"width\":512,\"height\":200,\"caption\":\"Riera Joies\"},\"image\":{\"@id\":\"https:\/\/rierajoies.com\/es\/#\/schema\/logo\/image\/\"},\"sameAs\":[\"https:\/\/www.instagram.com\/rierajoies\/\"]}]}<\/script>\n<!-- \/ Yoast SEO plugin. -->","yoast_head_json":{"title":"Aviso legal","description":"Consulta la informaci\u00f3n legal y condiciones de uso del sitio web Riera Joies","robots":{"index":"noindex","follow":"nofollow"},"og_locale":"es_ES","og_type":"article","og_title":"Aviso legal","og_description":"Consulta la informaci\u00f3n legal y condiciones de uso del sitio web Riera Joies","og_url":"https:\/\/rierajoies.com\/avis-legal\/","og_site_name":"Riera Joies","article_modified_time":"2025-12-23T12:34:09+00:00","og_image":[{"width":512,"height":512,"url":"https:\/\/rierajoies.com\/wp-content\/uploads\/2025\/08\/RIERAJOIES_WEB_TRESORSDELAMAR_ICONA.jpg","type":"image\/jpeg"}],"twitter_card":"summary_large_image","twitter_misc":{"Tiempo de lectura":"4 minutos"},"schema":{"@context":"https:\/\/schema.org","@graph":[{"@type":"WebPage","@id":"https:\/\/rierajoies.com\/avis-legal\/","url":"https:\/\/rierajoies.com\/avis-legal\/","name":"Aviso legal","isPartOf":{"@id":"https:\/\/rierajoies.com\/es\/#website"},"datePublished":"2025-09-30T11:27:13+00:00","dateModified":"2025-12-23T12:34:09+00:00","description":"Consulta la informaci\u00f3n legal y condiciones de uso del sitio web Riera Joies","breadcrumb":{"@id":"https:\/\/rierajoies.com\/avis-legal\/#breadcrumb"},"inLanguage":"es","potentialAction":[{"@type":"ReadAction","target":["https:\/\/rierajoies.com\/avis-legal\/"]}]},{"@type":"BreadcrumbList","@id":"https:\/\/rierajoies.com\/avis-legal\/#breadcrumb","itemListElement":[{"@type":"ListItem","position":1,"name":"Inici","item":"https:\/\/rierajoies.com\/es\/"},{"@type":"ListItem","position":2,"name":"Aviso legal"}]},{"@type":"WebSite","@id":"https:\/\/rierajoies.com\/es\/#website","url":"https:\/\/rierajoies.com\/es\/","name":"Riera Joies","description":"Tresors de la mar","publisher":{"@id":"https:\/\/rierajoies.com\/es\/#organization"},"potentialAction":[{"@type":"SearchAction","target":{"@type":"EntryPoint","urlTemplate":"https:\/\/rierajoies.com\/es\/?s={search_term_string}"},"query-input":{"@type":"PropertyValueSpecification","valueRequired":true,"valueName":"search_term_string"}}],"inLanguage":"es"},{"@type":"Organization","@id":"https:\/\/rierajoies.com\/es\/#organization","name":"Riera Joies","url":"https:\/\/rierajoies.com\/es\/","logo":{"@type":"ImageObject","inLanguage":"es","@id":"https:\/\/rierajoies.com\/es\/#\/schema\/logo\/image\/","url":"https:\/\/rierajoies.com\/wp-content\/uploads\/2025\/07\/RIERAJOIES_WEB_LOGOTIP.png","contentUrl":"https:\/\/rierajoies.com\/wp-content\/uploads\/2025\/07\/RIERAJOIES_WEB_LOGOTIP.png","width":512,"height":200,"caption":"Riera Joies"},"image":{"@id":"https:\/\/rierajoies.com\/es\/#\/schema\/logo\/image\/"},"sameAs":["https:\/\/www.instagram.com\/rierajoies\/"]}]}},"_links":{"self":[{"href":"https:\/\/rierajoies.com\/es\/wp-json\/wp\/v2\/pages\/3672","targetHints":{"allow":["GET"]}}],"collection":[{"href":"https:\/\/rierajoies.com\/es\/wp-json\/wp\/v2\/pages"}],"about":[{"href":"https:\/\/rierajoies.com\/es\/wp-json\/wp\/v2\/types\/page"}],"author":[{"embeddable":true,"href":"https:\/\/rierajoies.com\/es\/wp-json\/wp\/v2\/users\/11"}],"replies":[{"embeddable":true,"href":"https:\/\/rierajoies.com\/es\/wp-json\/wp\/v2\/comments?post=3672"}],"version-history":[{"count":2,"href":"https:\/\/rierajoies.com\/es\/wp-json\/wp\/v2\/pages\/3672\/revisions"}],"predecessor-version":[{"id":12346,"href":"https:\/\/rierajoies.com\/es\/wp-json\/wp\/v2\/pages\/3672\/revisions\/12346"}],"wp:attachment":[{"href":"https:\/\/rierajoies.com\/es\/wp-json\/wp\/v2\/media?parent=3672"}],"curies":[{"name":"wp","href":"https:\/\/api.w.org\/{rel}","templated":true}]}}