{"id":3674,"date":"2025-09-30T13:27:14","date_gmt":"2025-09-30T11:27:14","guid":{"rendered":"https:\/\/rierartjoies.ergatesweb11.ovh\/politica-de-privacidad\/"},"modified":"2025-10-09T10:27:05","modified_gmt":"2025-10-09T08:27:05","slug":"politica-de-privacidad","status":"publish","type":"page","link":"https:\/\/rierajoies.com\/es\/politica-de-privacidad\/","title":{"rendered":"Pol\u00edtica de privacidad"},"content":{"rendered":"\t\t<div data-elementor-type=\"wp-page\" data-elementor-id=\"3674\" class=\"elementor elementor-3674 elementor-19\" wpc-filter-elementor-widget=\"1\" data-elementor-post-type=\"page\">\n\t\t\t\t<div class=\"elementor-element elementor-element-6beb90fb e-flex e-con-boxed e-con e-parent\" data-id=\"6beb90fb\" data-element_type=\"container\" data-e-type=\"container\">\n\t\t\t\t\t<div class=\"e-con-inner\">\n\t\t\t\t<div class=\"elementor-element elementor-element-19ca4fc9 elementor-widget elementor-widget-text-editor\" data-id=\"19ca4fc9\" data-element_type=\"widget\" data-e-type=\"widget\" data-widget_type=\"text-editor.default\">\n\t\t\t\t\t\t\t\t\t<p><span style=\"font-weight: 400;\">En cumplimiento del Reglamento (UE) 2016\/679 del Parlamento Europeo y del Consejo, de 27 de abril de 2016 y de la Ley Org\u00e1nica 3\/2018 de 5 de diciembre (LOPDGDD), se informa a los usuarios del Sitio Web sobre el tratamiento de sus datos personales.<\/span><\/p><p><span style=\"font-weight: 400;\">A tal efecto le informamos que los datos personales facilitados a trav\u00e9s del formulario, as\u00ed como su direcci\u00f3n de correo electr\u00f3nico, forman parte de una base de datos que es tratada por Anna Mata Riera con domicilio en la calle Collserola n\u00ba 52 bajos (08035 de Barcelona) y provista de NIF n\u00ba 47964114S, con la finalidad de informarlo sobre las piezas de joyer\u00eda y bisuter\u00eda que elabora y comercializa.<\/span><\/p><p><span style=\"font-weight: 400;\">Se le informa que podr\u00e1 en cualquier momento oponerse a estos tipos de env\u00edos, librando un correo electr\u00f3nico a la direcci\u00f3n amatariera@gmail.com y solicitar la baja de su contacto en la base de datos que tiene el Responsable del Tratamiento.<\/span><\/p><p><span style=\"font-weight: 400;\">Asimismo se le informa que podr\u00e1 ejercer sus derechos de acceso, rectificaci\u00f3n, cancelaci\u00f3n, oposici\u00f3n, y en su caso, portabilidad y limitaci\u00f3n, as\u00ed como el derecho al olvido, enviando un escrito al domicilio del Responsable del tratamiento librando un correo electr\u00f3nico a la direcci\u00f3n amatariera@gmail.com.<\/span><\/p><p><span style=\"font-weight: 400;\">ANNA MATA RIERA est\u00e1 especialmente sensibilizada en la protecci\u00f3n de los datos de los usuarios de sus servicios a los que acceden a trav\u00e9s del sitio web.<\/span><\/p><p><span style=\"font-weight: 400;\">En cumplimiento de la normativa de protecci\u00f3n de datos antes indicada ANNA MATA RIERA informa a los usuarios del tratamiento y usos a los que se someten los datos personales que se capten a trav\u00e9s de los formularios de la web, con la finalidad que decidan, libre y de forma voluntaria, si quieren facilitar la informaci\u00f3n solicitada. En consecuencia en cumplimiento de lo que dispone el Reglamento (UE) 2016\/679 y la Ley Org\u00e1nica 3\/2018 de 5 de diciembre, por medio del presente documento, ANNA MATA RIERA INFORMA: <\/span><\/p><p><span style=\"font-weight: 400;\">1.-Titularidad del tratamiento:<\/span><\/p><p><span style=\"font-weight: 400;\">ANNA MATA RIERA con domicilio en la calle Collserola 52, bajos de Barcelona (08035 Barcelona) trata diferentes datos de car\u00e1cter personal.<\/span><\/p><p><span style=\"font-weight: 400;\">Concretamente los datos captados a trav\u00e9s de los formularios de la web se incluyen en el tratamiento de los usuarios de la web a los que ser\u00e1 de aplicaci\u00f3n la presente pol\u00edtica de privacidad.<\/span><\/p><p><span style=\"font-weight: 400;\">Estos datos consisten en el nombre y apellidos, direcci\u00f3n de correo electr\u00f3nico, que son los datos requeridos para contactar con ANNA MATA RIERA. Los usuarios podr\u00e1n a\u00f1adir opcionalmente su tel\u00e9fono de contacto. <\/span><\/p><p><span style=\"font-weight: 400;\">Los datos personales que el usuario proporciona en el formulario son incluidos en las bases de datos del Responsable del tratamiento, en la que se env\u00edan comunicaciones o newsletters. <\/span><\/p><p><span style=\"font-weight: 400;\">2.-Finalidad del tratamiento: <\/span><\/p><p><span style=\"font-weight: 400;\">La finalidad de la captaci\u00f3n e incorporaci\u00f3n de los datos a los referidos tratamientos, consisten en:<\/span><\/p><ol><li style=\"font-weight: 400;\" aria-level=\"1\"><span style=\"font-weight: 400;\">Los datos personales que se requieran para la compraventa de las joyas y dem\u00e1s productos comercializados a trav\u00e9s de la web .<\/span><\/li><li style=\"font-weight: 400;\" aria-level=\"1\"><span style=\"font-weight: 400;\">Ofrecer informaci\u00f3n sobre las colecciones que comercializa ANNA MATA RIERA, ofertas y descuentos. <\/span><\/li><li style=\"font-weight: 400;\" aria-level=\"1\"><span style=\"font-weight: 400;\">Resolver cuestiones o dudas, as\u00ed como petici\u00f3n de informaci\u00f3n por parte de los usuarios.<\/span><\/li><li style=\"font-weight: 400;\" aria-level=\"1\"><span style=\"font-weight: 400;\">Remitirles informaci\u00f3n y publicidad peri\u00f3dica actualizada a trav\u00e9s de newsletters sobre nuevas colecciones, promociones, descuentos que ANNA MATA RIERA introduzca al mercado.<\/span><\/li><\/ol><p><span style=\"font-weight: 400;\">En el caso que ANNA MATA RIERA contrate con terceros (encargados del tratamiento) que accedan a los datos de car\u00e1cter personal por raz\u00f3n de los servicios contratados, se otorgar\u00e1 el contrato previsto en el art\u00edculo 28 del Reglamento. En dicho contrato se regular\u00e1 el uso y la confidencialidad de los datos de car\u00e1cter personal, de conformidad con los que dispone la legislaci\u00f3n vigente, as\u00ed como las medidas de seguridad de las que dispone el encargado del tratamiento para garantizar la confidencialidad de los datos. <\/span><\/p><p><span style=\"font-weight: 400;\">Al rellenar los formularios contenidos en la web el interesado presta su consentimiento para que los datos de car\u00e1cter personal suministrados sean incorporados al citado tratamiento, siendo objeto de tratamiento para la misma de conformidad con la presente pol\u00edtica de privacidad. De la misma manera autoriza para que se le tramita de forma peri\u00f3dica la informaci\u00f3n sobre ofertas o nuevas colecciones comercializadas por ANNA MATA RIERA, as\u00ed como informaciones o noticias que puedan afectar a este sector. <\/span><\/p><p><span style=\"font-weight: 400;\">3.-Medidas de seguridad:<\/span><\/p><p><span style=\"font-weight: 400;\">ANNA MATA RIERA ha adoptado las medidas de seguridad para proteger los datos de car\u00e1cter personal que legalmente son requeridas, instalando todos los medios y medidas t\u00e9cnicas a su alcance para evitar la p\u00e9rdida, mal uso, alteraci\u00f3n, acceso no autorizado y robo de los mismos.<\/span><\/p><p><span style=\"font-weight: 400;\">4.-Ejercicio de los derechos:<\/span><\/p><p><span style=\"font-weight: 400;\">Los interesados titulares de los datos contenidos en el tratamiento, as\u00ed como los titulares de datos contenidos en cualquiera de los tratamientos titularidad de ANNA MATA RIERA podr\u00e1n dirigirse al responsable del tratamiento, con la finalidad de poder ejercitar sus derechos de acceso, rectificaci\u00f3n, cancelaci\u00f3n, oposici\u00f3n, portabilidad, limitaci\u00f3n y por \u00faltimo supresi\u00f3n y olvido respecto a los datos incorporados en el tratamiento.<\/span><\/p><p><span style=\"font-weight: 400;\">Estos derechos \u00fanicamente podr\u00e1n ser ejercitados por el propio interesado o el su representante legal (previa acreditaci\u00f3n de esta circunstancia).<\/span><\/p><p><span style=\"font-weight: 400;\">A.-El derecho de acceso. En ejercitar el derecho de acceso al interesado podr\u00e1 optar por consultarlo a trav\u00e9s del libramiento de un correo electr\u00f3nico o bien a trav\u00e9s de la comunicaci\u00f3n por escrito dirigida a la sociedad responsable del tratamiento al correo electr\u00f3nico antes indicado amatariera@gmail.com.<\/span><\/p><p><span style=\"font-weight: 400;\">ANNA MATA RIERA proceder\u00e1 a notificar su decisi\u00f3n en el plazo de un mes. Si fuera en sentido afirmativo el interesado podr\u00e1 acceder a la referida informaci\u00f3n en el plazo de 10 d\u00edas siguientes a su notificaci\u00f3n. <\/span><\/p><p><span style=\"font-weight: 400;\">B.-El derecho de rectificaci\u00f3n y cancelaci\u00f3n podr\u00e1n ser ejercitados, siempre que el interesado considere que los datos recogidos en nuestros tratamientos son inexactos, incompletos, inadecuados o excesivos. Tambi\u00e9n lo podr\u00e1 ejercitar a trav\u00e9s de cualquiera de los dos medios antes previstos.<\/span><\/p><p><span style=\"font-weight: 400;\">ANNA MATA RIERA proceder\u00e1 a la rectificaci\u00f3n o cancelaci\u00f3n dentro de los 10 d\u00edas siguientes al de la recepci\u00f3n de la solicitud.<\/span><\/p><p><span style=\"font-weight: 400;\">C.-El derecho de portabilidad podr\u00e1 ser ejercitado, siempre y cuando el interesado considere que los datos recogidos en nuestros tratamientos tienen que ser devueltos al titular de los datos u otro tercero (encargado del tratamiento).<\/span><\/p><p><span style=\"font-weight: 400;\">D.-El derecho de limitaci\u00f3n podr\u00e1 ser ejercitado, previamente al derecho de oposici\u00f3n al tratamiento de sus datos, y mientras no se resuelva este \u00faltimo, se limite el tratamiento de los mismos.<\/span><\/p><p><span style=\"font-weight: 400;\">E.- Los interesados tienen derecho a obtener la supresi\u00f3n de los datos (\u00abderecho al olvido\u00bb), cuando:<\/span><\/p><ul><li style=\"font-weight: 400;\" aria-level=\"1\"><span style=\"font-weight: 400;\">Los datos ya no sean necesarios para la finalidad para la que se recogieron.<\/span><\/li><li style=\"font-weight: 400;\" aria-level=\"1\"><span style=\"font-weight: 400;\">Se revoca el consentimiento en el que se basaba el tratamiento.<\/span><\/li><li style=\"font-weight: 400;\" aria-level=\"1\"><span style=\"font-weight: 400;\">El interesado se opone al tratamiento.<\/span><\/li><li style=\"font-weight: 400;\" aria-level=\"1\"><span style=\"font-weight: 400;\">Los datos se han tratado il\u00edcitamente.<\/span><\/li><li style=\"font-weight: 400;\" aria-level=\"1\"><span style=\"font-weight: 400;\">Los datos se han de suprimir para cumplir una obligaci\u00f3n legal.<\/span><\/li><li style=\"font-weight: 400;\" aria-level=\"1\"><span style=\"font-weight: 400;\">Los datos se han obtenido en relaci\u00f3n con la oferta de servicios de la sociedad de la informaci\u00f3n dirigida a menores.<\/span><\/li><\/ul><p><span style=\"font-weight: 400;\">Si ANNA MATA RIERA ha hecho p\u00fablicos los datos personales y se han de suprimir, tiene que adoptar medidas razonables para informar de la supresi\u00f3n a los responsables o encargados que est\u00e1n tratando los datos.<\/span><\/p><p><span style=\"font-weight: 400;\">Se prev\u00e9n algunas excepciones al ejercicio de este derecho:<\/span><\/p><ul><li style=\"font-weight: 400;\" aria-level=\"1\"><span style=\"font-weight: 400;\">El ejercicio del derecho a la libertad de expresi\u00f3n e informaci\u00f3n.<\/span><\/li><li style=\"font-weight: 400;\" aria-level=\"1\"><span style=\"font-weight: 400;\">El cumplimiento de una obligaci\u00f3n legal.<\/span><\/li><li style=\"font-weight: 400;\" aria-level=\"1\"><span style=\"font-weight: 400;\">La existencia de finalidades de archivo en inter\u00e9s p\u00fablico, de recerca cient\u00edfica o hist\u00f3rica o finalidades estad\u00edsticas.<\/span><\/li><li style=\"font-weight: 400;\" aria-level=\"1\"><span style=\"font-weight: 400;\">La formulaci\u00f3n, el ejercicio o la defensa de reclamaciones. <\/span><\/li><\/ul>\t\t\t\t\t\t\t\t<\/div>\n\t\t\t\t\t<\/div>\n\t\t\t\t<\/div>\n\t\t\t\t<\/div>\n\t\t","protected":false},"excerpt":{"rendered":"<p>En cumplimiento del Reglamento (UE) 2016\/679 del Parlamento Europeo y del Consejo, de 27 de abril de 2016 y de la Ley Org\u00e1nica 3\/2018 de 5 de diciembre (LOPDGDD), se informa a los usuarios del Sitio Web sobre el tratamiento de sus datos personales. A tal efecto le informamos que los datos personales facilitados a [&hellip;]<\/p>\n","protected":false},"author":11,"featured_media":0,"parent":0,"menu_order":0,"comment_status":"closed","ping_status":"closed","template":"","meta":{"_acf_changed":false,"footnotes":""},"class_list":["post-3674","page","type-page","status-publish","hentry"],"acf":[],"yoast_head":"<!-- This site is optimized with the Yoast SEO plugin v27.2 - https:\/\/yoast.com\/product\/yoast-seo-wordpress\/ -->\n<title>Pol\u00edtica de privacidad<\/title>\n<meta name=\"description\" content=\"Consulta c\u00f3mo protegemos tus datos y la seguridad en Riera Joies\" \/>\n<meta name=\"robots\" content=\"noindex, nofollow\" \/>\n<meta property=\"og:locale\" content=\"es_ES\" \/>\n<meta property=\"og:type\" content=\"article\" \/>\n<meta property=\"og:title\" content=\"Pol\u00edtica de privacidad\" \/>\n<meta property=\"og:description\" content=\"Consulta c\u00f3mo protegemos tus datos y la seguridad en Riera Joies\" \/>\n<meta property=\"og:url\" content=\"https:\/\/rierajoies.com\/politica-de-privacitat\/\" \/>\n<meta property=\"og:site_name\" content=\"Riera Joies\" \/>\n<meta property=\"article:modified_time\" content=\"2025-10-09T08:27:05+00:00\" \/>\n<meta property=\"og:image\" content=\"https:\/\/rierajoies.com\/wp-content\/uploads\/2025\/08\/RIERAJOIES_WEB_TRESORSDELAMAR_ICONA.jpg\" \/>\n\t<meta property=\"og:image:width\" content=\"512\" \/>\n\t<meta property=\"og:image:height\" content=\"512\" \/>\n\t<meta property=\"og:image:type\" content=\"image\/jpeg\" \/>\n<meta name=\"twitter:card\" content=\"summary_large_image\" \/>\n<meta name=\"twitter:label1\" content=\"Tiempo de lectura\" \/>\n\t<meta name=\"twitter:data1\" content=\"6 minutos\" \/>\n<script type=\"application\/ld+json\" class=\"yoast-schema-graph\">{\"@context\":\"https:\/\/schema.org\",\"@graph\":[{\"@type\":\"WebPage\",\"@id\":\"https:\/\/rierajoies.com\/politica-de-privacitat\/\",\"url\":\"https:\/\/rierajoies.com\/politica-de-privacitat\/\",\"name\":\"Pol\u00edtica de privacidad\",\"isPartOf\":{\"@id\":\"https:\/\/rierajoies.com\/es\/#website\"},\"datePublished\":\"2025-09-30T11:27:14+00:00\",\"dateModified\":\"2025-10-09T08:27:05+00:00\",\"description\":\"Consulta c\u00f3mo protegemos tus datos y la seguridad en Riera Joies\",\"breadcrumb\":{\"@id\":\"https:\/\/rierajoies.com\/politica-de-privacitat\/#breadcrumb\"},\"inLanguage\":\"es\",\"potentialAction\":[{\"@type\":\"ReadAction\",\"target\":[\"https:\/\/rierajoies.com\/politica-de-privacitat\/\"]}]},{\"@type\":\"BreadcrumbList\",\"@id\":\"https:\/\/rierajoies.com\/politica-de-privacitat\/#breadcrumb\",\"itemListElement\":[{\"@type\":\"ListItem\",\"position\":1,\"name\":\"Inici\",\"item\":\"https:\/\/rierajoies.com\/es\/\"},{\"@type\":\"ListItem\",\"position\":2,\"name\":\"Pol\u00edtica de privacidad\"}]},{\"@type\":\"WebSite\",\"@id\":\"https:\/\/rierajoies.com\/es\/#website\",\"url\":\"https:\/\/rierajoies.com\/es\/\",\"name\":\"Riera Joies\",\"description\":\"Tresors de la mar\",\"publisher\":{\"@id\":\"https:\/\/rierajoies.com\/es\/#organization\"},\"potentialAction\":[{\"@type\":\"SearchAction\",\"target\":{\"@type\":\"EntryPoint\",\"urlTemplate\":\"https:\/\/rierajoies.com\/es\/?s={search_term_string}\"},\"query-input\":{\"@type\":\"PropertyValueSpecification\",\"valueRequired\":true,\"valueName\":\"search_term_string\"}}],\"inLanguage\":\"es\"},{\"@type\":\"Organization\",\"@id\":\"https:\/\/rierajoies.com\/es\/#organization\",\"name\":\"Riera Joies\",\"url\":\"https:\/\/rierajoies.com\/es\/\",\"logo\":{\"@type\":\"ImageObject\",\"inLanguage\":\"es\",\"@id\":\"https:\/\/rierajoies.com\/es\/#\/schema\/logo\/image\/\",\"url\":\"https:\/\/rierajoies.com\/wp-content\/uploads\/2025\/07\/RIERAJOIES_WEB_LOGOTIP.png\",\"contentUrl\":\"https:\/\/rierajoies.com\/wp-content\/uploads\/2025\/07\/RIERAJOIES_WEB_LOGOTIP.png\",\"width\":512,\"height\":200,\"caption\":\"Riera Joies\"},\"image\":{\"@id\":\"https:\/\/rierajoies.com\/es\/#\/schema\/logo\/image\/\"},\"sameAs\":[\"https:\/\/www.instagram.com\/rierajoies\/\"]}]}<\/script>\n<!-- \/ Yoast SEO plugin. -->","yoast_head_json":{"title":"Pol\u00edtica de privacidad","description":"Consulta c\u00f3mo protegemos tus datos y la seguridad en Riera Joies","robots":{"index":"noindex","follow":"nofollow"},"og_locale":"es_ES","og_type":"article","og_title":"Pol\u00edtica de privacidad","og_description":"Consulta c\u00f3mo protegemos tus datos y la seguridad en Riera Joies","og_url":"https:\/\/rierajoies.com\/politica-de-privacitat\/","og_site_name":"Riera Joies","article_modified_time":"2025-10-09T08:27:05+00:00","og_image":[{"width":512,"height":512,"url":"https:\/\/rierajoies.com\/wp-content\/uploads\/2025\/08\/RIERAJOIES_WEB_TRESORSDELAMAR_ICONA.jpg","type":"image\/jpeg"}],"twitter_card":"summary_large_image","twitter_misc":{"Tiempo de lectura":"6 minutos"},"schema":{"@context":"https:\/\/schema.org","@graph":[{"@type":"WebPage","@id":"https:\/\/rierajoies.com\/politica-de-privacitat\/","url":"https:\/\/rierajoies.com\/politica-de-privacitat\/","name":"Pol\u00edtica de privacidad","isPartOf":{"@id":"https:\/\/rierajoies.com\/es\/#website"},"datePublished":"2025-09-30T11:27:14+00:00","dateModified":"2025-10-09T08:27:05+00:00","description":"Consulta c\u00f3mo protegemos tus datos y la seguridad en Riera Joies","breadcrumb":{"@id":"https:\/\/rierajoies.com\/politica-de-privacitat\/#breadcrumb"},"inLanguage":"es","potentialAction":[{"@type":"ReadAction","target":["https:\/\/rierajoies.com\/politica-de-privacitat\/"]}]},{"@type":"BreadcrumbList","@id":"https:\/\/rierajoies.com\/politica-de-privacitat\/#breadcrumb","itemListElement":[{"@type":"ListItem","position":1,"name":"Inici","item":"https:\/\/rierajoies.com\/es\/"},{"@type":"ListItem","position":2,"name":"Pol\u00edtica de privacidad"}]},{"@type":"WebSite","@id":"https:\/\/rierajoies.com\/es\/#website","url":"https:\/\/rierajoies.com\/es\/","name":"Riera Joies","description":"Tresors de la mar","publisher":{"@id":"https:\/\/rierajoies.com\/es\/#organization"},"potentialAction":[{"@type":"SearchAction","target":{"@type":"EntryPoint","urlTemplate":"https:\/\/rierajoies.com\/es\/?s={search_term_string}"},"query-input":{"@type":"PropertyValueSpecification","valueRequired":true,"valueName":"search_term_string"}}],"inLanguage":"es"},{"@type":"Organization","@id":"https:\/\/rierajoies.com\/es\/#organization","name":"Riera Joies","url":"https:\/\/rierajoies.com\/es\/","logo":{"@type":"ImageObject","inLanguage":"es","@id":"https:\/\/rierajoies.com\/es\/#\/schema\/logo\/image\/","url":"https:\/\/rierajoies.com\/wp-content\/uploads\/2025\/07\/RIERAJOIES_WEB_LOGOTIP.png","contentUrl":"https:\/\/rierajoies.com\/wp-content\/uploads\/2025\/07\/RIERAJOIES_WEB_LOGOTIP.png","width":512,"height":200,"caption":"Riera Joies"},"image":{"@id":"https:\/\/rierajoies.com\/es\/#\/schema\/logo\/image\/"},"sameAs":["https:\/\/www.instagram.com\/rierajoies\/"]}]}},"_links":{"self":[{"href":"https:\/\/rierajoies.com\/es\/wp-json\/wp\/v2\/pages\/3674","targetHints":{"allow":["GET"]}}],"collection":[{"href":"https:\/\/rierajoies.com\/es\/wp-json\/wp\/v2\/pages"}],"about":[{"href":"https:\/\/rierajoies.com\/es\/wp-json\/wp\/v2\/types\/page"}],"author":[{"embeddable":true,"href":"https:\/\/rierajoies.com\/es\/wp-json\/wp\/v2\/users\/11"}],"replies":[{"embeddable":true,"href":"https:\/\/rierajoies.com\/es\/wp-json\/wp\/v2\/comments?post=3674"}],"version-history":[{"count":2,"href":"https:\/\/rierajoies.com\/es\/wp-json\/wp\/v2\/pages\/3674\/revisions"}],"predecessor-version":[{"id":6343,"href":"https:\/\/rierajoies.com\/es\/wp-json\/wp\/v2\/pages\/3674\/revisions\/6343"}],"wp:attachment":[{"href":"https:\/\/rierajoies.com\/es\/wp-json\/wp\/v2\/media?parent=3674"}],"curies":[{"name":"wp","href":"https:\/\/api.w.org\/{rel}","templated":true}]}}