{"id":3710,"date":"2025-10-01T09:21:58","date_gmt":"2025-10-01T07:21:58","guid":{"rendered":"https:\/\/rierartjoies.ergatesweb11.ovh\/historias\/"},"modified":"2025-11-12T14:10:06","modified_gmt":"2025-11-12T13:10:06","slug":"historias","status":"publish","type":"page","link":"https:\/\/rierajoies.com\/es\/historias\/","title":{"rendered":"Historias"},"content":{"rendered":"\t\t<div data-elementor-type=\"wp-page\" data-elementor-id=\"3710\" class=\"elementor elementor-3710 elementor-423\" wpc-filter-elementor-widget=\"1\" data-elementor-post-type=\"page\">\n\t\t\t\t<div class=\"elementor-element elementor-element-4a9906b e-flex e-con-boxed e-con e-parent\" data-id=\"4a9906b\" data-element_type=\"container\" data-e-type=\"container\">\n\t\t\t\t\t<div class=\"e-con-inner\">\n\t\t\t\t<div class=\"elementor-element elementor-element-eb6233c elementor-widget elementor-widget-heading\" data-id=\"eb6233c\" data-element_type=\"widget\" data-e-type=\"widget\" data-widget_type=\"heading.default\">\n\t\t\t\t\t<h2 class=\"elementor-heading-title elementor-size-default\">Historias<\/h2>\t\t\t\t<\/div>\n\t\t\t\t<div class=\"elementor-element elementor-element-24ff9f9c elementor-widget__width-initial elementor-widget elementor-widget-text-editor\" data-id=\"24ff9f9c\" data-element_type=\"widget\" data-e-type=\"widget\" data-widget_type=\"text-editor.default\">\n\t\t\t\t\t\t\t\t\t<p><span style=\"font-weight: 400;\">En este espacio compartimos las experiencias de las personas que han elegido nuestras joyas para celebrar momentos especiales como un cumplea\u00f1os, un compromiso o el inicio de una nueva etapa. Momentos llenos de emoci\u00f3n que dan alma a cada creaci\u00f3n.   <\/span><\/p>\t\t\t\t\t\t\t\t<\/div>\n\t\t\t\t<div class=\"elementor-element elementor-element-766f49ee elementor-widget elementor-widget-image\" data-id=\"766f49ee\" data-element_type=\"widget\" data-e-type=\"widget\" data-widget_type=\"image.default\">\n\t\t\t\t\t\t\t\t\t\t\t\t\t\t\t<img fetchpriority=\"high\" decoding=\"async\" width=\"783\" height=\"1030\" src=\"https:\/\/rierajoies.com\/wp-content\/uploads\/2025\/09\/Diari_Foto01_Landing-783x1030.jpg\" class=\"attachment-large size-large wp-image-3624\" alt=\"\" srcset=\"https:\/\/rierajoies.com\/wp-content\/uploads\/2025\/09\/Diari_Foto01_Landing-783x1030.jpg 783w, https:\/\/rierajoies.com\/wp-content\/uploads\/2025\/09\/Diari_Foto01_Landing-600x790.jpg 600w, https:\/\/rierajoies.com\/wp-content\/uploads\/2025\/09\/Diari_Foto01_Landing-228x300.jpg 228w, https:\/\/rierajoies.com\/wp-content\/uploads\/2025\/09\/Diari_Foto01_Landing-768x1011.jpg 768w, https:\/\/rierajoies.com\/wp-content\/uploads\/2025\/09\/Diari_Foto01_Landing-1167x1536.jpg 1167w, https:\/\/rierajoies.com\/wp-content\/uploads\/2025\/09\/Diari_Foto01_Landing.jpg 1200w\" sizes=\"(max-width: 783px) 100vw, 783px\" \/>\t\t\t\t\t\t\t\t\t\t\t\t\t\t\t<\/div>\n\t\t\t\t\t<\/div>\n\t\t\t\t<\/div>\n\t\t<div class=\"elementor-element elementor-element-33aacc96 e-flex e-con-boxed e-con e-parent\" data-id=\"33aacc96\" data-element_type=\"container\" data-e-type=\"container\">\n\t\t\t\t\t<div class=\"e-con-inner\">\n\t\t<div class=\"elementor-element elementor-element-858eb8e e-con-full e-flex e-con e-child\" data-id=\"858eb8e\" data-element_type=\"container\" data-e-type=\"container\">\n\t\t\t\t<div class=\"elementor-element elementor-element-4fb94d04 elementor-widget__width-initial elementor-widget-mobile__width-inherit elementor-widget elementor-widget-text-editor\" data-id=\"4fb94d04\" data-element_type=\"widget\" data-e-type=\"widget\" data-widget_type=\"text-editor.default\">\n\t\t\t\t\t\t\t\t\t<p><span style=\"font-weight: 400;\">\u2014 La tr\u00edada, historia 01. <\/span><\/p><div id=\"bgLayers_comp-kkfuuj97\" class=\"MW5IWV\" data-hook=\"bgLayers\" data-motion-part=\"BG_LAYER comp-kkfuuj97\"><div id=\"bgMedia_comp-kkfuuj97\" class=\"VgO9Yg\" data-motion-part=\"BG_MEDIA comp-kkfuuj97\">\u00a0<\/div><\/div><div class=\"\" data-mesh-id=\"comp-kkfuuj97inlineContent\" data-testid=\"inline-content\"><div data-mesh-id=\"comp-kkfuuj97inlineContent-gridContainer\" data-testid=\"mesh-container-content\"><div id=\"comp-kkfuuj9a\" class=\"Z_l5lU ku3DBC zQ9jDz qvSjx3 Vq6kJx comp-kkfuuj9a wixui-rich-text\" data-testid=\"richTextElement\"><p class=\"font_8 wixui-rich-text__text\"><span class=\"wixui-rich-text__text\">Andrea me pidi\u00f3 un anillo para el momento especial que estaba viviendo.<\/span><\/p><p class=\"font_8 wixui-rich-text__text\"><span class=\"wixui-rich-text__text\">Esperaba un hijo con su querido Ferran, y quer\u00eda una joya que representara una tr\u00edada. Lo dej\u00f3 en mis manos, as\u00ed que me decid\u00ed por el color azul, sabiendo que ella es una amante del mar, y a\u00f1ad\u00ed tres bolitas de plata, una por persona y alma de la nueva familia que justo acababan de formar. <\/span><\/p><\/div><\/div><\/div>\t\t\t\t\t\t\t\t<\/div>\n\t\t\t\t<\/div>\n\t\t\t\t<div class=\"elementor-element elementor-element-c080eea elementor-widget elementor-widget-image\" data-id=\"c080eea\" data-element_type=\"widget\" data-e-type=\"widget\" data-widget_type=\"image.default\">\n\t\t\t\t\t\t\t\t\t\t\t\t\t\t\t<img decoding=\"async\" width=\"783\" height=\"1030\" src=\"https:\/\/rierajoies.com\/wp-content\/uploads\/2025\/09\/Diari_Foto03_Landing_Andrea2-783x1030.jpg\" class=\"attachment-large size-large wp-image-3627\" alt=\"\" srcset=\"https:\/\/rierajoies.com\/wp-content\/uploads\/2025\/09\/Diari_Foto03_Landing_Andrea2-783x1030.jpg 783w, https:\/\/rierajoies.com\/wp-content\/uploads\/2025\/09\/Diari_Foto03_Landing_Andrea2-600x790.jpg 600w, https:\/\/rierajoies.com\/wp-content\/uploads\/2025\/09\/Diari_Foto03_Landing_Andrea2-228x300.jpg 228w, https:\/\/rierajoies.com\/wp-content\/uploads\/2025\/09\/Diari_Foto03_Landing_Andrea2-768x1011.jpg 768w, https:\/\/rierajoies.com\/wp-content\/uploads\/2025\/09\/Diari_Foto03_Landing_Andrea2-1167x1536.jpg 1167w, https:\/\/rierajoies.com\/wp-content\/uploads\/2025\/09\/Diari_Foto03_Landing_Andrea2.jpg 1200w\" sizes=\"(max-width: 783px) 100vw, 783px\" \/>\t\t\t\t\t\t\t\t\t\t\t\t\t\t\t<\/div>\n\t\t\t\t<div class=\"elementor-element elementor-element-fb2f9ba elementor-widget elementor-widget-image\" data-id=\"fb2f9ba\" data-element_type=\"widget\" data-e-type=\"widget\" data-widget_type=\"image.default\">\n\t\t\t\t\t\t\t\t\t\t\t\t\t\t\t<img decoding=\"async\" src=\"https:\/\/rierajoies.com\/wp-content\/uploads\/2025\/09\/Diari_Foto03_Landing_Andrea.png\" title=\"\" alt=\"\" loading=\"lazy\" \/>\t\t\t\t\t\t\t\t\t\t\t\t\t\t\t<\/div>\n\t\t\t\t\t<\/div>\n\t\t\t\t<\/div>\n\t\t<div class=\"elementor-element elementor-element-10428e6 e-flex e-con-boxed e-con e-parent\" data-id=\"10428e6\" data-element_type=\"container\" data-e-type=\"container\">\n\t\t\t\t\t<div class=\"e-con-inner\">\n\t\t<div class=\"elementor-element elementor-element-536e42d e-con-full e-flex e-con e-child\" data-id=\"536e42d\" data-element_type=\"container\" data-e-type=\"container\">\n\t\t\t\t<div class=\"elementor-element elementor-element-8b2f612 elementor-widget elementor-widget-image\" data-id=\"8b2f612\" data-element_type=\"widget\" data-e-type=\"widget\" data-widget_type=\"image.default\">\n\t\t\t\t\t\t\t\t\t\t\t\t\t\t\t<img decoding=\"async\" src=\"https:\/\/rierajoies.com\/wp-content\/uploads\/2025\/09\/Diari_Foto09_Landing.jpg\" title=\"\" alt=\"\" loading=\"lazy\" \/>\t\t\t\t\t\t\t\t\t\t\t\t\t\t\t<\/div>\n\t\t\t\t<div class=\"elementor-element elementor-element-c6bf824 elementor-widget elementor-widget-image\" data-id=\"c6bf824\" data-element_type=\"widget\" data-e-type=\"widget\" data-widget_type=\"image.default\">\n\t\t\t\t\t\t\t\t\t\t\t\t\t\t\t<img decoding=\"async\" src=\"https:\/\/rierajoies.com\/wp-content\/uploads\/2025\/09\/Diari_Foto08_Landing.jpg\" title=\"\" alt=\"\" loading=\"lazy\" \/>\t\t\t\t\t\t\t\t\t\t\t\t\t\t\t<\/div>\n\t\t\t\t<\/div>\n\t\t\t\t\t<\/div>\n\t\t\t\t<\/div>\n\t\t<div class=\"elementor-element elementor-element-ca77ff8 e-flex e-con-boxed e-con e-parent\" data-id=\"ca77ff8\" data-element_type=\"container\" data-e-type=\"container\">\n\t\t\t\t\t<div class=\"e-con-inner\">\n\t\t\t\t<div class=\"elementor-element elementor-element-5cb2b9b elementor-widget elementor-widget-image\" data-id=\"5cb2b9b\" data-element_type=\"widget\" data-e-type=\"widget\" data-widget_type=\"image.default\">\n\t\t\t\t\t\t\t\t\t\t\t\t\t\t\t<img decoding=\"async\" src=\"https:\/\/rierajoies.com\/wp-content\/uploads\/2025\/09\/Diari_Foto05_Landing_Viatge01-1.jpg\" title=\"\" alt=\"\" loading=\"lazy\" \/>\t\t\t\t\t\t\t\t\t\t\t\t\t\t\t<\/div>\n\t\t\t\t<div class=\"elementor-element elementor-element-5088e91 elementor-widget elementor-widget-image\" data-id=\"5088e91\" data-element_type=\"widget\" data-e-type=\"widget\" data-widget_type=\"image.default\">\n\t\t\t\t\t\t\t\t\t\t\t\t\t\t\t<img decoding=\"async\" src=\"https:\/\/rierajoies.com\/wp-content\/uploads\/2025\/10\/Diari_Foto06_Landing_Viatge02_Color-1.jpg\" title=\"\" alt=\"\" loading=\"lazy\" \/>\t\t\t\t\t\t\t\t\t\t\t\t\t\t\t<\/div>\n\t\t<div class=\"elementor-element elementor-element-1c97fbe e-con-full e-flex e-con e-child\" data-id=\"1c97fbe\" data-element_type=\"container\" data-e-type=\"container\">\n\t\t\t\t<div class=\"elementor-element elementor-element-ec6b827 elementor-widget__width-initial elementor-widget-mobile__width-inherit elementor-widget elementor-widget-text-editor\" data-id=\"ec6b827\" data-element_type=\"widget\" data-e-type=\"widget\" data-widget_type=\"text-editor.default\">\n\t\t\t\t\t\t\t\t\t<p><span style=\"font-weight: 400;\">\u2014 El viaje, historia 02. <\/span><\/p><div id=\"bgLayers_comp-kkfuuj97\" class=\"MW5IWV\" data-hook=\"bgLayers\" data-motion-part=\"BG_LAYER comp-kkfuuj97\"><div data-motion-part=\"BG_MEDIA comp-kkfuuj97\">\u00a0<\/div><div id=\"bgMedia_comp-kkfuuj97\" class=\"VgO9Yg\" data-motion-part=\"BG_MEDIA comp-kkfuuj97\"><p data-start=\"65\" data-end=\"364\">Kilian y Kiowa se marchaban de viaje indefinidamente, uno a Asia y el otro a Sudam\u00e9rica. Ten\u00edan ganas de hacerse un regalo en forma de anillo que les recordara el uno al otro, para sentirse acompa\u00f1ados durante el viaje. Y el anillo que yo hiciera pensando en Kilian lo llevar\u00eda Kiowa, y viceversa.<\/p><p data-start=\"366\" data-end=\"611\" data-is-last-node=\"\" data-is-only-node=\"\">Kiowa me dijo las palabras \u201cfuerza, inteligencia y sinceridad\u201d para definir a Kilian, que me evocaron el color <strong data-start=\"479\" data-end=\"498\">verde esmeralda<\/strong>, y Kilian me dijo \u201ctransparencia, calma y voluntad\u201d al definir a Kiowa, que me evocaron el color <strong data-start=\"596\" data-end=\"610\">azul cielo<\/strong>.<\/p><\/div><\/div>\t\t\t\t\t\t\t\t<\/div>\n\t\t\t\t<\/div>\n\t\t\t\t\t<\/div>\n\t\t\t\t<\/div>\n\t\t<div class=\"elementor-element elementor-element-2c89b9f e-flex e-con-boxed e-con e-parent\" data-id=\"2c89b9f\" data-element_type=\"container\" data-e-type=\"container\">\n\t\t\t\t\t<div class=\"e-con-inner\">\n\t\t\t\t<div class=\"elementor-element elementor-element-1429019 elementor-widget__width-initial elementor-widget elementor-widget-text-editor\" data-id=\"1429019\" data-element_type=\"widget\" data-e-type=\"widget\" data-widget_type=\"text-editor.default\">\n\t\t\t\t\t\t\t\t\t<p><span style=\"font-weight: 400;\">\u2014 Un tesoro para cada miembro, historia 03.  <\/span><\/p><div id=\"bgLayers_comp-kllbstqr\" class=\"MW5IWV\" data-hook=\"bgLayers\" data-motion-part=\"BG_LAYER comp-kllbstqr\"><div id=\"bgMedia_comp-kllbstqr\" class=\"VgO9Yg\" data-motion-part=\"BG_MEDIA comp-kllbstqr\"> <\/div><\/div><div class=\"\" data-mesh-id=\"comp-kllbstqrinlineContent\" data-testid=\"inline-content\"><div data-mesh-id=\"comp-kllbstqrinlineContent-gridContainer\" data-testid=\"mesh-container-content\"><div id=\"comp-kllbstqw\" class=\"Z_l5lU ku3DBC zQ9jDz qvSjx3 Vq6kJx comp-kllbstqw wixui-rich-text\" data-testid=\"richTextElement\"><p class=\"font_8 wixui-rich-text__text\"><span class=\"wixui-rich-text__text\">Cuando Isabel estaba embarazada, me pidi\u00f3 un anillo con tres cristales blancos para representar a cada miembro de la familia.  <\/span><span class=\"wixui-rich-text__text\">Cuando lo recibi\u00f3 me envi\u00f3 esta preciosa fotograf\u00eda de los tres.<\/span><\/p><\/div><\/div><\/div>\t\t\t\t\t\t\t\t<\/div>\n\t\t\t\t<div class=\"elementor-element elementor-element-47c3ecf elementor-widget elementor-widget-image\" data-id=\"47c3ecf\" data-element_type=\"widget\" data-e-type=\"widget\" data-widget_type=\"image.default\">\n\t\t\t\t\t\t\t\t\t\t\t\t\t\t\t<img decoding=\"async\" width=\"800\" height=\"608\" src=\"https:\/\/rierajoies.com\/wp-content\/uploads\/2025\/09\/Diari_Foto07_Landing_Embaras-1-1030x783.jpg\" class=\"attachment-large size-large wp-image-3636\" alt=\"\" srcset=\"https:\/\/rierajoies.com\/wp-content\/uploads\/2025\/09\/Diari_Foto07_Landing_Embaras-1-1030x783.jpg 1030w, https:\/\/rierajoies.com\/wp-content\/uploads\/2025\/09\/Diari_Foto07_Landing_Embaras-1-rotated-600x456.jpg 600w, https:\/\/rierajoies.com\/wp-content\/uploads\/2025\/09\/Diari_Foto07_Landing_Embaras-1-300x228.jpg 300w, https:\/\/rierajoies.com\/wp-content\/uploads\/2025\/09\/Diari_Foto07_Landing_Embaras-1-768x584.jpg 768w, https:\/\/rierajoies.com\/wp-content\/uploads\/2025\/09\/Diari_Foto07_Landing_Embaras-1-1536x1167.jpg 1536w, https:\/\/rierajoies.com\/wp-content\/uploads\/2025\/09\/Diari_Foto07_Landing_Embaras-1-rotated.jpg 1579w\" sizes=\"(max-width: 800px) 100vw, 800px\" \/>\t\t\t\t\t\t\t\t\t\t\t\t\t\t\t<\/div>\n\t\t\t\t<div class=\"elementor-element elementor-element-6a06ba0 elementor-widget__width-initial elementor-widget elementor-widget-text-editor\" data-id=\"6a06ba0\" data-element_type=\"widget\" data-e-type=\"widget\" data-widget_type=\"text-editor.default\">\n\t\t\t\t\t\t\t\t\t<p data-start=\"65\" data-end=\"261\">Algunas personas han vivido momentos muy especiales con nuestras joyas, y eso nos emociona mucho. Nos encantar\u00e1 leer qu\u00e9 significa para ti, en qu\u00e9 momento te ha acompa\u00f1ado o por qu\u00e9 la elegiste.<\/p><p data-start=\"263\" data-end=\"475\">Si quieres, puedes compartir tu experiencia con nosotras y con todas las personas que forman parte de este camino. Abrimos este espacio como un peque\u00f1o diario vivo de recuerdos, emociones y relatos compartidos.<\/p><p data-start=\"477\" data-end=\"642\" data-is-last-node=\"\" data-is-only-node=\"\">Nos encantar\u00eda conocer qu\u00e9 significa para ti tu joya. Cu\u00e9ntanos tu experiencia y forma parte de nuestro diario, un espacio vivo de recuerdos y emociones compartidas.<\/p>\t\t\t\t\t\t\t\t<\/div>\n\t\t\t\t<div class=\"elementor-element elementor-element-ec5d9cb elementor-align-center elementor-widget elementor-widget-button\" data-id=\"ec5d9cb\" data-element_type=\"widget\" data-e-type=\"widget\" data-widget_type=\"button.default\">\n\t\t\t\t\t\t\t\t\t\t<a class=\"elementor-button elementor-button-link elementor-size-sm\" href=\"mailto:hola@rierajoies.com\" target=\"_blank\">\n\t\t\t\t\t\t<span class=\"elementor-button-content-wrapper\">\n\t\t\t\t\t\t\t\t\t<span class=\"elementor-button-text\">\u00bfTe animas?<\/span>\n\t\t\t\t\t<\/span>\n\t\t\t\t\t<\/a>\n\t\t\t\t\t\t\t\t<\/div>\n\t\t\t\t\t<\/div>\n\t\t\t\t<\/div>\n\t\t\t\t<\/div>\n\t\t","protected":false},"excerpt":{"rendered":"<p>Historias En este espacio compartimos las experiencias de las personas que han elegido nuestras joyas para celebrar momentos especiales como un cumplea\u00f1os, un compromiso o el inicio de una nueva etapa. Momentos llenos de emoci\u00f3n que dan alma a cada creaci\u00f3n. \u2014 La tr\u00edada, historia 01. \u00a0 Andrea me pidi\u00f3 un anillo para el momento [&hellip;]<\/p>\n","protected":false},"author":11,"featured_media":0,"parent":0,"menu_order":0,"comment_status":"closed","ping_status":"closed","template":"","meta":{"_acf_changed":false,"footnotes":""},"class_list":["post-3710","page","type-page","status-publish","hentry"],"acf":[],"yoast_head":"<!-- This site is optimized with the Yoast SEO plugin v27.2 - https:\/\/yoast.com\/product\/yoast-seo-wordpress\/ -->\n<title>Historias de artesan\u00eda<\/title>\n<meta name=\"description\" content=\"Descubre las historias detr\u00e1s de nuestras joyas artesanales de Menorca\" \/>\n<meta name=\"robots\" content=\"index, follow, max-snippet:-1, max-image-preview:large, max-video-preview:-1\" \/>\n<link rel=\"canonical\" href=\"https:\/\/rierajoies.com\/diari\/\" \/>\n<meta property=\"og:locale\" content=\"es_ES\" \/>\n<meta property=\"og:type\" content=\"article\" \/>\n<meta property=\"og:title\" content=\"Historias de artesan\u00eda\" \/>\n<meta property=\"og:description\" content=\"Descubre las historias detr\u00e1s de nuestras joyas artesanales de Menorca\" \/>\n<meta property=\"og:url\" content=\"https:\/\/rierajoies.com\/diari\/\" \/>\n<meta property=\"og:site_name\" content=\"Riera Joies\" \/>\n<meta property=\"article:modified_time\" content=\"2025-11-12T13:10:06+00:00\" \/>\n<meta property=\"og:image\" content=\"https:\/\/rierajoies.com\/wp-content\/uploads\/2025\/09\/Diari_Foto01_Landing-783x1030.jpg\" \/>\n<meta name=\"twitter:card\" content=\"summary_large_image\" \/>\n<meta name=\"twitter:label1\" content=\"Tiempo de lectura\" \/>\n\t<meta name=\"twitter:data1\" content=\"2 minutos\" \/>\n<script type=\"application\/ld+json\" class=\"yoast-schema-graph\">{\"@context\":\"https:\/\/schema.org\",\"@graph\":[{\"@type\":\"WebPage\",\"@id\":\"https:\/\/rierajoies.com\/diari\/\",\"url\":\"https:\/\/rierajoies.com\/diari\/\",\"name\":\"Historias de artesan\u00eda\",\"isPartOf\":{\"@id\":\"https:\/\/rierajoies.com\/es\/#website\"},\"primaryImageOfPage\":{\"@id\":\"https:\/\/rierajoies.com\/diari\/#primaryimage\"},\"image\":{\"@id\":\"https:\/\/rierajoies.com\/diari\/#primaryimage\"},\"thumbnailUrl\":\"https:\/\/rierajoies.com\/wp-content\/uploads\/2025\/09\/Diari_Foto01_Landing-783x1030.jpg\",\"datePublished\":\"2025-10-01T07:21:58+00:00\",\"dateModified\":\"2025-11-12T13:10:06+00:00\",\"description\":\"Descubre las historias detr\u00e1s de nuestras joyas artesanales de Menorca\",\"breadcrumb\":{\"@id\":\"https:\/\/rierajoies.com\/diari\/#breadcrumb\"},\"inLanguage\":\"es\",\"potentialAction\":[{\"@type\":\"ReadAction\",\"target\":[\"https:\/\/rierajoies.com\/diari\/\"]}]},{\"@type\":\"ImageObject\",\"inLanguage\":\"es\",\"@id\":\"https:\/\/rierajoies.com\/diari\/#primaryimage\",\"url\":\"https:\/\/rierajoies.com\/wp-content\/uploads\/2025\/09\/Diari_Foto01_Landing-783x1030.jpg\",\"contentUrl\":\"https:\/\/rierajoies.com\/wp-content\/uploads\/2025\/09\/Diari_Foto01_Landing-783x1030.jpg\"},{\"@type\":\"BreadcrumbList\",\"@id\":\"https:\/\/rierajoies.com\/diari\/#breadcrumb\",\"itemListElement\":[{\"@type\":\"ListItem\",\"position\":1,\"name\":\"Inici\",\"item\":\"https:\/\/rierajoies.com\/es\/\"},{\"@type\":\"ListItem\",\"position\":2,\"name\":\"Historias\"}]},{\"@type\":\"WebSite\",\"@id\":\"https:\/\/rierajoies.com\/es\/#website\",\"url\":\"https:\/\/rierajoies.com\/es\/\",\"name\":\"Riera Joies\",\"description\":\"Tresors de la mar\",\"publisher\":{\"@id\":\"https:\/\/rierajoies.com\/es\/#organization\"},\"potentialAction\":[{\"@type\":\"SearchAction\",\"target\":{\"@type\":\"EntryPoint\",\"urlTemplate\":\"https:\/\/rierajoies.com\/es\/?s={search_term_string}\"},\"query-input\":{\"@type\":\"PropertyValueSpecification\",\"valueRequired\":true,\"valueName\":\"search_term_string\"}}],\"inLanguage\":\"es\"},{\"@type\":\"Organization\",\"@id\":\"https:\/\/rierajoies.com\/es\/#organization\",\"name\":\"Riera Joies\",\"url\":\"https:\/\/rierajoies.com\/es\/\",\"logo\":{\"@type\":\"ImageObject\",\"inLanguage\":\"es\",\"@id\":\"https:\/\/rierajoies.com\/es\/#\/schema\/logo\/image\/\",\"url\":\"https:\/\/rierajoies.com\/wp-content\/uploads\/2025\/07\/RIERAJOIES_WEB_LOGOTIP.png\",\"contentUrl\":\"https:\/\/rierajoies.com\/wp-content\/uploads\/2025\/07\/RIERAJOIES_WEB_LOGOTIP.png\",\"width\":512,\"height\":200,\"caption\":\"Riera Joies\"},\"image\":{\"@id\":\"https:\/\/rierajoies.com\/es\/#\/schema\/logo\/image\/\"},\"sameAs\":[\"https:\/\/www.instagram.com\/rierajoies\/\"]}]}<\/script>\n<!-- \/ Yoast SEO plugin. -->","yoast_head_json":{"title":"Historias de artesan\u00eda","description":"Descubre las historias detr\u00e1s de nuestras joyas artesanales de Menorca","robots":{"index":"index","follow":"follow","max-snippet":"max-snippet:-1","max-image-preview":"max-image-preview:large","max-video-preview":"max-video-preview:-1"},"canonical":"https:\/\/rierajoies.com\/diari\/","og_locale":"es_ES","og_type":"article","og_title":"Historias de artesan\u00eda","og_description":"Descubre las historias detr\u00e1s de nuestras joyas artesanales de Menorca","og_url":"https:\/\/rierajoies.com\/diari\/","og_site_name":"Riera Joies","article_modified_time":"2025-11-12T13:10:06+00:00","og_image":[{"url":"https:\/\/rierajoies.com\/wp-content\/uploads\/2025\/09\/Diari_Foto01_Landing-783x1030.jpg","type":"","width":"","height":""}],"twitter_card":"summary_large_image","twitter_misc":{"Tiempo de lectura":"2 minutos"},"schema":{"@context":"https:\/\/schema.org","@graph":[{"@type":"WebPage","@id":"https:\/\/rierajoies.com\/diari\/","url":"https:\/\/rierajoies.com\/diari\/","name":"Historias de artesan\u00eda","isPartOf":{"@id":"https:\/\/rierajoies.com\/es\/#website"},"primaryImageOfPage":{"@id":"https:\/\/rierajoies.com\/diari\/#primaryimage"},"image":{"@id":"https:\/\/rierajoies.com\/diari\/#primaryimage"},"thumbnailUrl":"https:\/\/rierajoies.com\/wp-content\/uploads\/2025\/09\/Diari_Foto01_Landing-783x1030.jpg","datePublished":"2025-10-01T07:21:58+00:00","dateModified":"2025-11-12T13:10:06+00:00","description":"Descubre las historias detr\u00e1s de nuestras joyas artesanales de Menorca","breadcrumb":{"@id":"https:\/\/rierajoies.com\/diari\/#breadcrumb"},"inLanguage":"es","potentialAction":[{"@type":"ReadAction","target":["https:\/\/rierajoies.com\/diari\/"]}]},{"@type":"ImageObject","inLanguage":"es","@id":"https:\/\/rierajoies.com\/diari\/#primaryimage","url":"https:\/\/rierajoies.com\/wp-content\/uploads\/2025\/09\/Diari_Foto01_Landing-783x1030.jpg","contentUrl":"https:\/\/rierajoies.com\/wp-content\/uploads\/2025\/09\/Diari_Foto01_Landing-783x1030.jpg"},{"@type":"BreadcrumbList","@id":"https:\/\/rierajoies.com\/diari\/#breadcrumb","itemListElement":[{"@type":"ListItem","position":1,"name":"Inici","item":"https:\/\/rierajoies.com\/es\/"},{"@type":"ListItem","position":2,"name":"Historias"}]},{"@type":"WebSite","@id":"https:\/\/rierajoies.com\/es\/#website","url":"https:\/\/rierajoies.com\/es\/","name":"Riera Joies","description":"Tresors de la mar","publisher":{"@id":"https:\/\/rierajoies.com\/es\/#organization"},"potentialAction":[{"@type":"SearchAction","target":{"@type":"EntryPoint","urlTemplate":"https:\/\/rierajoies.com\/es\/?s={search_term_string}"},"query-input":{"@type":"PropertyValueSpecification","valueRequired":true,"valueName":"search_term_string"}}],"inLanguage":"es"},{"@type":"Organization","@id":"https:\/\/rierajoies.com\/es\/#organization","name":"Riera Joies","url":"https:\/\/rierajoies.com\/es\/","logo":{"@type":"ImageObject","inLanguage":"es","@id":"https:\/\/rierajoies.com\/es\/#\/schema\/logo\/image\/","url":"https:\/\/rierajoies.com\/wp-content\/uploads\/2025\/07\/RIERAJOIES_WEB_LOGOTIP.png","contentUrl":"https:\/\/rierajoies.com\/wp-content\/uploads\/2025\/07\/RIERAJOIES_WEB_LOGOTIP.png","width":512,"height":200,"caption":"Riera Joies"},"image":{"@id":"https:\/\/rierajoies.com\/es\/#\/schema\/logo\/image\/"},"sameAs":["https:\/\/www.instagram.com\/rierajoies\/"]}]}},"_links":{"self":[{"href":"https:\/\/rierajoies.com\/es\/wp-json\/wp\/v2\/pages\/3710","targetHints":{"allow":["GET"]}}],"collection":[{"href":"https:\/\/rierajoies.com\/es\/wp-json\/wp\/v2\/pages"}],"about":[{"href":"https:\/\/rierajoies.com\/es\/wp-json\/wp\/v2\/types\/page"}],"author":[{"embeddable":true,"href":"https:\/\/rierajoies.com\/es\/wp-json\/wp\/v2\/users\/11"}],"replies":[{"embeddable":true,"href":"https:\/\/rierajoies.com\/es\/wp-json\/wp\/v2\/comments?post=3710"}],"version-history":[{"count":5,"href":"https:\/\/rierajoies.com\/es\/wp-json\/wp\/v2\/pages\/3710\/revisions"}],"predecessor-version":[{"id":7909,"href":"https:\/\/rierajoies.com\/es\/wp-json\/wp\/v2\/pages\/3710\/revisions\/7909"}],"wp:attachment":[{"href":"https:\/\/rierajoies.com\/es\/wp-json\/wp\/v2\/media?parent=3710"}],"curies":[{"name":"wp","href":"https:\/\/api.w.org\/{rel}","templated":true}]}}